{"id":4951,"date":"2021-09-30T22:10:10","date_gmt":"2021-09-30T22:10:10","guid":{"rendered":"http:\/\/54.186.226.142\/?page_id=4951"},"modified":"2024-06-04T04:26:31","modified_gmt":"2024-06-04T09:26:31","slug":"avisodeprivacidad","status":"publish","type":"page","link":"https:\/\/corporativogto.com\/fr\/avisodeprivacidad\/","title":{"rendered":"avisodeprivacidad"},"content":{"rendered":"<div data-elementor-type=\"wp-page\" data-elementor-id=\"4951\" class=\"elementor elementor-4951\">\n\t\t\t\t\t\t\t\t\t<section class=\"elementor-section elementor-top-section elementor-element elementor-element-f46f5ff elementor-section-boxed elementor-section-height-default elementor-section-height-default\" data-id=\"f46f5ff\" data-element_type=\"section\">\n\t\t\t\t\t\t<div class=\"elementor-container elementor-column-gap-default\">\n\t\t\t\t\t<div class=\"elementor-column elementor-col-100 elementor-top-column elementor-element elementor-element-fcd37ce\" data-id=\"fcd37ce\" data-element_type=\"column\">\n\t\t\t<div class=\"elementor-widget-wrap elementor-element-populated\">\n\t\t\t\t\t\t\t\t<div class=\"elementor-element elementor-element-21fb5e5 animated-slow elementor-invisible elementor-widget elementor-widget-heading\" data-id=\"21fb5e5\" data-element_type=\"widget\" data-settings=\"{&quot;_animation&quot;:&quot;fadeInUp&quot;,&quot;_animation_delay&quot;:700}\" data-widget_type=\"heading.default\">\n\t\t\t\t<div class=\"elementor-widget-container\">\n\t\t\t<h2 class=\"elementor-heading-title elementor-size-default\">AVIS DE CONFIDENTIALIT\u00c9<\/h2>\t\t<\/div>\n\t\t\t\t<\/div>\n\t\t\t\t\t<\/div>\n\t\t<\/div>\n\t\t\t\t\t\t\t<\/div>\n\t\t<\/section>\n\t\t\t\t<section class=\"elementor-section elementor-top-section elementor-element elementor-element-92f77a9 animated-slow elementor-section-boxed elementor-section-height-default elementor-section-height-default elementor-invisible\" data-id=\"92f77a9\" data-element_type=\"section\" data-settings=\"{&quot;animation&quot;:&quot;fadeInUp&quot;,&quot;animation_delay&quot;:700}\">\n\t\t\t\t\t\t<div class=\"elementor-container elementor-column-gap-default\">\n\t\t\t\t\t<div class=\"elementor-column elementor-col-100 elementor-top-column elementor-element elementor-element-93cd064\" data-id=\"93cd064\" data-element_type=\"column\">\n\t\t\t<div class=\"elementor-widget-wrap elementor-element-populated\">\n\t\t\t\t\t\t\t\t<div class=\"elementor-element elementor-element-653f08c elementor-widget elementor-widget-text-editor\" data-id=\"653f08c\" data-element_type=\"widget\" data-widget_type=\"text-editor.default\">\n\t\t\t\t<div class=\"elementor-widget-container\">\n\t\t\t\t\t\t\t<p>CORPORATIVO GTO SA DE CV., mieux connue sous le nom de Groupe GTO, domicili\u00e9e au <br \/>boulevard Prolongaci\u00f3n Campestre 2502 302, Colonia El Refugio, dans la ville de Le\u00f3n,\nGuanajuato, <br \/>M\u00e9xico, C.P. 37270 et portail Internet www.corporativogto.mx \/ www.corpgto.mx \/<br \/>www.corpgto.com.mx \/ www.corpgto.com, est responsable de l'utilisation et de la protection de\nvos donn\u00e9es personnelles <br \/>et \u00e0 cet \u00e9gard, nous vous informons ce qui suit : <br \/>Groupe GTO utilisera\nvos donn\u00e9es personnelles aux fins suivantes qui sont n\u00e9cessaires pour <br \/>le service que vous\ndemandez :<br \/>\u2022 Uniquement aux fins qui ont \u00e9t\u00e9 fournies, que ce soit pour des commentaires et des suggestions, <br \/>des demandes d'emploi ou de prestation de services. <br \/>\u00c0 ces fins, Groupe GTO utilisera les donn\u00e9es personnelles suivantes : <br \/>\u2022 Nom <br \/>\u2022 \u00c2ge <br \/>\u2022 Nationalit\u00e9 <br \/>\u2022 Sexe <br \/>\u2022 T\u00e9l\u00e9phone <br \/>\u2022 Adresse <br \/>\u2022 Courrier \u00e9lectronique <br \/>Comment pouvez-vous acc\u00e9der, rectifier ou annuler vos donn\u00e9es personnelles, ou vous opposer \u00e0\nleur utilisation ? <br \/>Vous avez le droit de savoir quelles sont les donn\u00e9es personnelles dont nous disposons, pour quoi\nnous les utilisons <br \/>et les conditions d'utilisation que nous leur donnons (Acc\u00e8s). De m\u00eame, vous\navez le droit de demander la <br \/>correction de vos informations personnelles si elles sont p\u00e9rim\u00e9es,\ninexactes ou <br \/>incompl\u00e8tes (Rectification) ; que nous les supprimions de nos archives ou bases de\ndonn\u00e9es lorsque vous <br \/>consid\u00e9rez qu\u2019elles ne sont pas utilis\u00e9es correctement (Annulation) ; ainsi\nque de vous opposer <br \/>\u00e0 l'utilisation de vos donn\u00e9es personnelles \u00e0 des fins sp\u00e9cifiques\n(Opposition). Ces droits sont <br \/>appel\u00e9s droits ARCO. <br \/>Pour exercer l'un des droits ARCO, vous devez soumettre la demande <br \/>correspondante par les\nmoyens suivants : <br \/>Pour d\u00e9sinscrire vos donn\u00e9es personnelles, veuillez envoyer un e-mail avec les donn\u00e9es que vous\nsouhaitez <br \/>supprimer \u00e0 l'adresse e-mail info@corporativogto.com <br \/>Pour conna\u00eetre la proc\u00e9dure et les conditions pour exercer les droits ARCO, nous mettons <br \/>le moyen suivant : <br \/>Courriel : info@corporativogto.com <br \/>Les coordonn\u00e9es de la personne ou du service des donn\u00e9es personnelles, qui est <br \/>responsable du\ntraitement des demandes de droits ARCO, sont les suivantes : <br \/>a) Service Juridique<br \/>b) Adresse : Av. Insurgentes 3356, 7e \u00e9tage, Inmueble Puerta Baj\u00edo, Colonia Cumbres de <br \/>Campestre, L\u00e9on, Guanajuato<br \/>c) Courriel : info@corporativogto.com <br \/>Vous pouvez r\u00e9voquer votre consentement \u00e0 l'utilisation de vos donn\u00e9es personnelles <br \/>Vous pouvez r\u00e9voquer le consentement que, le cas \u00e9ch\u00e9ant, vous nous avez donn\u00e9 pour le\ntraitement <br \/>de vos donn\u00e9es personnelles. Cependant, il est important que vous preniez en compte\nque nous ne pourrons pas dans tous les <br \/>cas r\u00e9pondre \u00e0 votre demande ou mettre fin \u00e0 l'utilisation\nimm\u00e9diatement, car il est possible <br \/>qu'en raison d'une obligation l\u00e9gale, nous puissions exiger de\ncontinuer \u00e0 traiter vos donn\u00e9es personnelles. De m\u00eame, vous devez <br \/>qu'\u00e0 certaines fins,\nla r\u00e9vocation de votre consentement impliquera que nous <br \/>ne pourrons pas continuer \u00e0 fournir le\nservice que vous avez demand\u00e9, ou la fin de votre relation <br \/>avec nous. <br \/>Pour r\u00e9voquer votre consentement, vous devez soumettre votre demande par le moyen suivant : <br \/>Courriel : info@corporativogto.com <br \/>Pour conna\u00eetre la proc\u00e9dure et les conditions de r\u00e9vocation du consentement, nous mettons \u00e0\nvotre disposition <br \/>le moyen suivant : <br \/>Envoyer un e-mail : info@corporativogto.com<br \/>Comment pouvez-vous limiter l'utilisation ou la divulgation de vos informations personnelles ? <br \/>Afin de limiter l'utilisation et la divulgation de vos informations personnelles, nous vous proposons\nles <br \/>moyens suivants : <br \/>Envoyez un email \u00e0 l'adresse: info@corporativogto.com <br \/>Comment pouvez-vous \u00eatre inform\u00e9 des modifications apport\u00e9es \u00e0 cet avis de confidentialit\u00e9 ? <br \/>Cet avis de confidentialit\u00e9 peut subir des modifications, des changements <br \/>s ou des mises \u00e0 jour suite\n\u00e0 de nouvelles exigences l\u00e9gales ; de nos propres besoins <br \/>pour les produits ou services que nous\noffrons ; de nos pratiques de confidentialit\u00e9 ; Changements dans <br \/>notre mod\u00e8le d'affaires, ou\nd'autres causes <br \/>Nous nous engageons \u00e0 vous tenir inform\u00e9 de la proc\u00e9dure et des modifications ou <br \/>mises \u00e0 jour\nque cet avis de confidentialit\u00e9 pourrait subir, via notre site Web : <br \/>: www.corporativogto.mx \/\nwww.corpgto.mx \/ www.corpgto.com.mx \/ www .corpgto.com<br \/>Ceci est bas\u00e9 sur les articles applicables de la <br \/>Loi F\u00e9d\u00e9rale sur la Protection des Donn\u00e9es\nPersonnelles poss\u00e9d\u00e9es par des personnes priv\u00e9es.<\/p>\t\t\t\t\t\t<\/div>\n\t\t\t\t<\/div>\n\t\t\t\t\t<\/div>\n\t\t<\/div>\n\t\t\t\t\t\t\t<\/div>\n\t\t<\/section>\n\t\t\t\t<section class=\"elementor-section elementor-top-section elementor-element elementor-element-e11f6c2 elementor-section-boxed elementor-section-height-default elementor-section-height-default\" data-id=\"e11f6c2\" data-element_type=\"section\">\n\t\t\t\t\t\t<div class=\"elementor-container elementor-column-gap-default\">\n\t\t\t\t\t<div class=\"elementor-column elementor-col-100 elementor-top-column elementor-element elementor-element-869e81c\" data-id=\"869e81c\" data-element_type=\"column\">\n\t\t\t<div class=\"elementor-widget-wrap elementor-element-populated\">\n\t\t\t\t\t\t\t\t<div class=\"elementor-element elementor-element-de06257 elementor-widget elementor-widget-spacer\" data-id=\"de06257\" data-element_type=\"widget\" data-widget_type=\"spacer.default\">\n\t\t\t\t<div class=\"elementor-widget-container\">\n\t\t\t\t\t<div class=\"elementor-spacer\">\n\t\t\t<div class=\"elementor-spacer-inner\"><\/div>\n\t\t<\/div>\n\t\t\t\t<\/div>\n\t\t\t\t<\/div>\n\t\t\t\t\t<\/div>\n\t\t<\/div>\n\t\t\t\t\t\t\t<\/div>\n\t\t<\/section>\n\t\t\t\t\t\t\t<\/div>","protected":false},"excerpt":{"rendered":"<p>AVISO DE PRIVACIDAD CORPORATIVO GTO SA DE CV., mejor conocido como Corporativo GTO, con domicilio en calle Blvd. Prolongaci\u00f3n Campestre 2502 302, Colonia El Refugio, en la ciudad Le\u00f3n, Guanajuato, Me\u0301xico, C.P. 37270 y portal de internet www.corporativogto.mx \/ www.corpgto.mx \/www.corpgto.com.mx \/ www.corpgto.com, es el responsable del uso y proteccio\u0301n de sus datos personales, y&hellip; <a class=\"more-link\" href=\"https:\/\/corporativogto.com\/fr\/avisodeprivacidad\/\">Poursuivre la lecture <span class=\"screen-reader-text\">avisodeprivacidad<\/span><\/a><\/p>","protected":false},"author":2,"featured_media":0,"parent":0,"menu_order":0,"comment_status":"closed","ping_status":"closed","template":"elementor_header_footer","meta":{"_monsterinsights_skip_tracking":false,"_monsterinsights_sitenote_active":false,"_monsterinsights_sitenote_note":"","_monsterinsights_sitenote_category":0},"uagb_featured_image_src":{"full":false,"thumbnail":false,"medium":false,"medium_large":false,"large":false,"1536x1536":false,"2048x2048":false,"trp-custom-language-flag":false,"post-thumbnail":false},"uagb_author_info":{"display_name":"Info corporativo","author_link":"https:\/\/corporativogto.com\/fr\/author\/info-corporativo\/"},"uagb_comment_info":0,"uagb_excerpt":"AVISO DE PRIVACIDAD CORPORATIVO GTO SA DE CV., mejor conocido como Corporativo GTO, con domicilio en calle Blvd. Prolongaci\u00f3n Campestre 2502 302, Colonia El Refugio, en la ciudad Le\u00f3n, Guanajuato, Me\u0301xico, C.P. 37270 y portal de internet www.corporativogto.mx \/ www.corpgto.mx \/www.corpgto.com.mx \/ www.corpgto.com, es el responsable del uso y proteccio\u0301n de sus datos personales, y&hellip;\u2026","_links":{"self":[{"href":"https:\/\/corporativogto.com\/fr\/wp-json\/wp\/v2\/pages\/4951"}],"collection":[{"href":"https:\/\/corporativogto.com\/fr\/wp-json\/wp\/v2\/pages"}],"about":[{"href":"https:\/\/corporativogto.com\/fr\/wp-json\/wp\/v2\/types\/page"}],"author":[{"embeddable":true,"href":"https:\/\/corporativogto.com\/fr\/wp-json\/wp\/v2\/users\/2"}],"replies":[{"embeddable":true,"href":"https:\/\/corporativogto.com\/fr\/wp-json\/wp\/v2\/comments?post=4951"}],"version-history":[{"count":3,"href":"https:\/\/corporativogto.com\/fr\/wp-json\/wp\/v2\/pages\/4951\/revisions"}],"predecessor-version":[{"id":7418,"href":"https:\/\/corporativogto.com\/fr\/wp-json\/wp\/v2\/pages\/4951\/revisions\/7418"}],"wp:attachment":[{"href":"https:\/\/corporativogto.com\/fr\/wp-json\/wp\/v2\/media?parent=4951"}],"curies":[{"name":"wp","href":"https:\/\/api.w.org\/{rel}","templated":true}]}}