{"id":3040,"date":"2021-09-19T17:29:54","date_gmt":"2021-09-19T22:29:54","guid":{"rendered":"http:\/\/54.186.226.142\/?page_id=3040"},"modified":"2024-10-07T13:24:30","modified_gmt":"2024-10-07T18:24:30","slug":"vivie","status":"publish","type":"page","link":"https:\/\/corporativogto.com\/fr\/vivie\/","title":{"rendered":"Vivie"},"content":{"rendered":"<div data-elementor-type=\"wp-page\" data-elementor-id=\"3040\" class=\"elementor elementor-3040\">\n\t\t\t\t\t\t\t\t\t<section class=\"elementor-section elementor-top-section elementor-element elementor-element-b46e65d elementor-section-boxed elementor-section-height-default elementor-section-height-default\" data-id=\"b46e65d\" data-element_type=\"section\">\n\t\t\t\t\t\t<div class=\"elementor-container elementor-column-gap-default\">\n\t\t\t\t\t<div class=\"elementor-column elementor-col-100 elementor-top-column elementor-element elementor-element-bddbfbf\" data-id=\"bddbfbf\" data-element_type=\"column\">\n\t\t\t<div class=\"elementor-widget-wrap elementor-element-populated\">\n\t\t\t\t\t\t\t\t<div class=\"elementor-element elementor-element-d2e3b53 elementor-view-default elementor-widget elementor-widget-icon\" data-id=\"d2e3b53\" data-element_type=\"widget\" data-widget_type=\"icon.default\">\n\t\t\t\t<div class=\"elementor-widget-container\">\n\t\t\t\t\t<div class=\"elementor-icon-wrapper\">\n\t\t\t<a class=\"elementor-icon\" href=\"#elementor-action%3Aaction%3Dpopup%3Aopen%26settings%3DeyJpZCI6IjM3NTciLCJ0b2dnbGUiOmZhbHNlfQ%3D%3D\">\n\t\t\t<i aria-hidden=\"true\" class=\"icon icon-menu-11\"><\/i>\t\t\t<\/a>\n\t\t<\/div>\n\t\t\t\t<\/div>\n\t\t\t\t<\/div>\n\t\t\t\t\t<\/div>\n\t\t<\/div>\n\t\t\t\t\t\t\t<\/div>\n\t\t<\/section>\n\t\t\t\t<section class=\"elementor-section elementor-top-section elementor-element elementor-element-dfd4c1d animated-slow elementor-section-boxed elementor-section-height-default elementor-section-height-default elementor-invisible\" data-id=\"dfd4c1d\" data-element_type=\"section\" data-settings=\"{&quot;animation&quot;:&quot;fadeInUp&quot;,&quot;animation_delay&quot;:700}\">\n\t\t\t\t\t\t<div class=\"elementor-container elementor-column-gap-default\">\n\t\t\t\t\t<div class=\"elementor-column elementor-col-50 elementor-top-column elementor-element elementor-element-4484b1f animated-slow elementor-invisible\" data-id=\"4484b1f\" data-element_type=\"column\" data-settings=\"{&quot;animation&quot;:&quot;fadeInLeft&quot;,&quot;animation_delay&quot;:500}\">\n\t\t\t<div class=\"elementor-widget-wrap elementor-element-populated\">\n\t\t\t\t\t\t\t\t<div class=\"elementor-element elementor-element-c7e9c8b elementor-widget elementor-widget-heading\" data-id=\"c7e9c8b\" data-element_type=\"widget\" data-widget_type=\"heading.default\">\n\t\t\t\t<div class=\"elementor-widget-container\">\n\t\t\t<h2 class=\"elementor-heading-title elementor-size-default\">Nos entreprises \/ Vivie<\/h2>\t\t<\/div>\n\t\t\t\t<\/div>\n\t\t\t\t<div class=\"elementor-element elementor-element-698c1fd elementor-widget elementor-widget-image\" data-id=\"698c1fd\" data-element_type=\"widget\" data-widget_type=\"image.default\">\n\t\t\t\t<div class=\"elementor-widget-container\">\n\t\t\t\t\t\t\t\t\t\t\t\t\t\t\t<img src=\"https:\/\/corporativogto.com\/wp-content\/uploads\/elementor\/thumbs\/cover-empresas-detalle-vivie-pscqayes1nm18go7jad493r34kvq26ukqagys2xfj6.jpg\" title=\"cover-empresas-detalle-vivie\" alt=\"cover-empresas-detalle-vivie\" \/>\t\t\t\t\t\t\t\t\t\t\t\t\t\t\t<\/div>\n\t\t\t\t<\/div>\n\t\t\t\t\t<\/div>\n\t\t<\/div>\n\t\t\t\t<div class=\"elementor-column elementor-col-50 elementor-top-column elementor-element elementor-element-e85d408 animated-slow elementor-invisible\" data-id=\"e85d408\" data-element_type=\"column\" data-settings=\"{&quot;animation&quot;:&quot;fadeInRight&quot;,&quot;animation_delay&quot;:500}\">\n\t\t\t<div class=\"elementor-widget-wrap elementor-element-populated\">\n\t\t\t\t\t\t\t\t<div class=\"elementor-element elementor-element-c060328 elementor-widget elementor-widget-heading\" data-id=\"c060328\" data-element_type=\"widget\" data-widget_type=\"heading.default\">\n\t\t\t\t<div class=\"elementor-widget-container\">\n\t\t\t<h2 class=\"elementor-heading-title elementor-size-default\">Secteur de l'immobilier<\/h2>\t\t<\/div>\n\t\t\t\t<\/div>\n\t\t\t\t<div class=\"elementor-element elementor-element-c7dac5d elementor-widget elementor-widget-heading\" data-id=\"c7dac5d\" data-element_type=\"widget\" data-widget_type=\"heading.default\">\n\t\t\t\t<div class=\"elementor-widget-container\">\n\t\t\t<h2 class=\"elementor-heading-title elementor-size-default\">Vivie<\/h2>\t\t<\/div>\n\t\t\t\t<\/div>\n\t\t\t\t<div class=\"elementor-element elementor-element-7d770ef elementor-widget elementor-widget-text-editor\" data-id=\"7d770ef\" data-element_type=\"widget\" data-widget_type=\"text-editor.default\">\n\t\t\t\t<div class=\"elementor-widget-container\">\n\t\t\t\t\t\t\t<p><span data-sheets-value=\"{&quot;1&quot;:2,&quot;2&quot;:&quot;Vivie es una subsidiaria dedicada al sector inmobiliario implementando estrategias de innovacio\u0301n y optimizacio\u0301n en sus desarrollos inmobiliarios de alto nivel y plusvali\u0301a.&quot;}\" data-sheets-userformat=\"{&quot;2&quot;:15297,&quot;3&quot;:{&quot;1&quot;:0},&quot;9&quot;:1,&quot;10&quot;:1,&quot;11&quot;:4,&quot;12&quot;:0,&quot;14&quot;:[null,2,4408131],&quot;15&quot;:&quot;Hind&quot;,&quot;16&quot;:10}\">Vivie est une filiale d\u00e9di\u00e9e au secteur immobilier, mettant en \u0153uvre des strat\u00e9gies d'innovation et\nd'optimisation dans ses d\u00e9veloppements immobiliers haut de gamme et plus-values.<\/span><\/p>\t\t\t\t\t\t<\/div>\n\t\t\t\t<\/div>\n\t\t\t\t\t<\/div>\n\t\t<\/div>\n\t\t\t\t\t\t\t<\/div>\n\t\t<\/section>\n\t\t\t\t<section class=\"elementor-section elementor-top-section elementor-element elementor-element-0a4abba elementor-section-full_width animated-slow elementor-section-height-default elementor-section-height-default elementor-invisible\" data-id=\"0a4abba\" data-element_type=\"section\" data-settings=\"{&quot;animation&quot;:&quot;fadeInUp&quot;,&quot;animation_delay&quot;:700}\">\n\t\t\t\t\t\t<div class=\"elementor-container elementor-column-gap-default\">\n\t\t\t\t\t<div class=\"elementor-column elementor-col-50 elementor-top-column elementor-element elementor-element-e94c473 animated-slow elementor-invisible\" data-id=\"e94c473\" data-element_type=\"column\" data-settings=\"{&quot;animation&quot;:&quot;fadeInLeft&quot;,&quot;animation_delay&quot;:500}\">\n\t\t\t<div class=\"elementor-widget-wrap elementor-element-populated\">\n\t\t\t\t\t\t\t\t<div class=\"elementor-element elementor-element-0907b1d elementor-align-center elementor-widget elementor-widget-button\" data-id=\"0907b1d\" data-element_type=\"widget\" data-widget_type=\"button.default\">\n\t\t\t\t<div class=\"elementor-widget-container\">\n\t\t\t\t\t<div class=\"elementor-button-wrapper\">\n\t\t\t<a href=\"https:\/\/erp.cominvi.com.mx\/capitalhumano\/#\/login-externo\" class=\"elementor-button-link elementor-button elementor-size-sm\" role=\"button\">\n\t\t\t\t\t\t<span class=\"elementor-button-content-wrapper\">\n\t\t\t\t\t\t\t<span class=\"elementor-button-icon elementor-align-icon-right\">\n\t\t\t\t<i aria-hidden=\"true\" class=\"icon icon-right-arrow\"><\/i>\t\t\t<\/span>\n\t\t\t\t\t\t<span class=\"elementor-button-text\">Travaillez avec nous<\/span>\n\t\t<\/span>\n\t\t\t\t\t<\/a>\n\t\t<\/div>\n\t\t\t\t<\/div>\n\t\t\t\t<\/div>\n\t\t\t\t\t<\/div>\n\t\t<\/div>\n\t\t\t\t<div class=\"elementor-column elementor-col-50 elementor-top-column elementor-element elementor-element-9e2792f animated-slow elementor-invisible\" data-id=\"9e2792f\" data-element_type=\"column\" data-settings=\"{&quot;animation&quot;:&quot;fadeInRight&quot;,&quot;animation_delay&quot;:500}\">\n\t\t\t<div class=\"elementor-widget-wrap elementor-element-populated\">\n\t\t\t\t\t\t\t\t<div class=\"elementor-element elementor-element-7da5d5d elementor-align-center elementor-widget elementor-widget-button\" data-id=\"7da5d5d\" data-element_type=\"widget\" data-widget_type=\"button.default\">\n\t\t\t\t<div class=\"elementor-widget-container\">\n\t\t\t\t\t<div class=\"elementor-button-wrapper\">\n\t\t\t<a href=\"https:\/\/corporativogto.com\/fr\/contacto\/\" class=\"elementor-button-link elementor-button elementor-size-sm\" role=\"button\">\n\t\t\t\t\t\t<span class=\"elementor-button-content-wrapper\">\n\t\t\t\t\t\t\t<span class=\"elementor-button-icon elementor-align-icon-right\">\n\t\t\t\t<i aria-hidden=\"true\" class=\"icon icon-right-arrow\"><\/i>\t\t\t<\/span>\n\t\t\t\t\t\t<span class=\"elementor-button-text\">Contactez-nous <\/span>\n\t\t<\/span>\n\t\t\t\t\t<\/a>\n\t\t<\/div>\n\t\t\t\t<\/div>\n\t\t\t\t<\/div>\n\t\t\t\t\t<\/div>\n\t\t<\/div>\n\t\t\t\t\t\t\t<\/div>\n\t\t<\/section>\n\t\t\t\t<section class=\"elementor-section elementor-top-section elementor-element elementor-element-86a5f12 elementor-section-boxed elementor-section-height-default elementor-section-height-default\" data-id=\"86a5f12\" data-element_type=\"section\">\n\t\t\t\t\t\t<div class=\"elementor-container elementor-column-gap-default\">\n\t\t\t\t\t<div class=\"elementor-column elementor-col-100 elementor-top-column elementor-element elementor-element-e92c87f\" data-id=\"e92c87f\" data-element_type=\"column\">\n\t\t\t<div class=\"elementor-widget-wrap elementor-element-populated\">\n\t\t\t\t\t\t\t\t<div class=\"elementor-element elementor-element-4c61f24 animated-slow elementor-invisible elementor-widget elementor-widget-heading\" data-id=\"4c61f24\" data-element_type=\"widget\" data-settings=\"{&quot;_animation&quot;:&quot;fadeInUp&quot;,&quot;_animation_delay&quot;:800}\" data-widget_type=\"heading.default\">\n\t\t\t\t<div class=\"elementor-widget-container\">\n\t\t\t<h2 class=\"elementor-heading-title elementor-size-default\">Notre force, c\u2019est notre \u00e9quipe<\/h2>\t\t<\/div>\n\t\t\t\t<\/div>\n\t\t\t\t\t<\/div>\n\t\t<\/div>\n\t\t\t\t\t\t\t<\/div>\n\t\t<\/section>\n\t\t\t\t<section class=\"elementor-section elementor-top-section elementor-element elementor-element-7b92bad elementor-section-boxed elementor-section-height-default elementor-section-height-default\" data-id=\"7b92bad\" data-element_type=\"section\">\n\t\t\t\t\t\t<div class=\"elementor-container elementor-column-gap-default\">\n\t\t\t\t\t<div class=\"elementor-column elementor-col-100 elementor-top-column elementor-element elementor-element-38e92a8\" data-id=\"38e92a8\" data-element_type=\"column\">\n\t\t\t<div class=\"elementor-widget-wrap elementor-element-populated\">\n\t\t\t\t\t\t\t\t<div class=\"elementor-element elementor-element-24b37f0 animated-slow elementor-invisible elementor-widget elementor-widget-text-editor\" data-id=\"24b37f0\" data-element_type=\"widget\" data-settings=\"{&quot;_animation&quot;:&quot;fadeInUp&quot;,&quot;_animation_delay&quot;:500}\" data-widget_type=\"text-editor.default\">\n\t\t\t\t<div class=\"elementor-widget-container\">\n\t\t\t\t\t\t\t<p><span data-sheets-value=\"{&quot;1&quot;:2,&quot;2&quot;:&quot;La Inmobiliaria y Desarrolladora VIVIE nace como una empresa 100% mexicana en el a\u00f1o 2013 como parte de un grupo importante de empresas multidisciplinarias, donde tuvimos la visi\u00f3n de expandir nuestros alcances, en busca de mejorar al pa\u00eds con desarrollos inmobiliarios de alto nivel y calidad, mediante espacios que sean dignos de visitarse o habitarse, as\u00ed como sembrar la necesidad de obtenerlos y vivirlos, generando excelentes oportunidades de negocio. Esto mediante la creaci\u00f3n de alianzas con los inversionistas m\u00e1s s\u00f3lidos de M\u00e9xico, para alcanzar juntos el \u00e9xito deseado.\\n\\nNos dedicamos principalmente a desarrollar planes de negocio bajo la adquisici\u00f3n, inversi\u00f3n, desarrollo y comercializaci\u00f3n de todo tipo de bien inmueble de alto nivel y calidad, dirigido a los sectores comercial, residencial, industrial o mixto.\\n\\nDebido a que nuestra palabra es nuestra garant\u00eda, nuestra raz\u00f3n de ser es la CONFIABILIDAD que profesamos.&quot;}\" data-sheets-userformat=\"{&quot;2&quot;:15297,&quot;3&quot;:{&quot;1&quot;:0},&quot;9&quot;:1,&quot;10&quot;:1,&quot;11&quot;:4,&quot;12&quot;:0,&quot;14&quot;:[null,2,4408131],&quot;15&quot;:&quot;Hind&quot;,&quot;16&quot;:10}\">L'immobilier et d\u00e9veloppeur Vivie est n\u00e9 en tant qu'entreprise 100% mexicaine en 2013 dans le\ncadre d'un important groupe d'entreprises multidisciplinaires, o\u00f9 nous avons eu la vision d'\u00e9largir\nnotre port\u00e9e, en cherchant \u00e0 am\u00e9liorer le pays avec des d\u00e9veloppements immobiliers de haut\nniveau et de qualit\u00e9, \u00e0 travers des espaces dignes d'\u00eatre visit\u00e9s ou habit\u00e9s, ainsi que de semer le\nbesoin de les obtenir et de les vivre, g\u00e9n\u00e9rant d'excellentes opportunit\u00e9s d'affaires. Ceci \u00e0 travers\nla cr\u00e9ation d'alliances avec les investisseurs les plus solides du Mexique, pour atteindre ensemble\nle succ\u00e8s souhait\u00e9.<\/span><\/p><p>Nous nous consacrons principalement \u00e0 l'\u00e9laboration de plans d'affaires dans le cadre de\nl'acquisition, de l'investissement, du d\u00e9veloppement et de la commercialisation de tous types de\nbiens immobiliers de haut niveau et de qualit\u00e9, destin\u00e9s aux secteurs commercial, r\u00e9sidentiel,\nindustriel ou mixte.<\/p><p>Debido a que nuestra palabra es nuestra garant\u00eda, nuestra raz\u00f3n de ser es la confiabilidad que profesamos.<\/p>\t\t\t\t\t\t<\/div>\n\t\t\t\t<\/div>\n\t\t\t\t\t<\/div>\n\t\t<\/div>\n\t\t\t\t\t\t\t<\/div>\n\t\t<\/section>\n\t\t\t\t<section class=\"elementor-section elementor-top-section elementor-element elementor-element-5147086 elementor-section-boxed elementor-section-height-default elementor-section-height-default\" data-id=\"5147086\" data-element_type=\"section\">\n\t\t\t\t\t\t<div class=\"elementor-container elementor-column-gap-default\">\n\t\t\t\t\t<div class=\"elementor-column elementor-col-100 elementor-top-column elementor-element elementor-element-066aa81\" data-id=\"066aa81\" data-element_type=\"column\">\n\t\t\t<div class=\"elementor-widget-wrap elementor-element-populated\">\n\t\t\t\t\t\t\t\t<div class=\"elementor-element elementor-element-aa51cdf elementor-widget elementor-widget-spacer\" data-id=\"aa51cdf\" data-element_type=\"widget\" data-widget_type=\"spacer.default\">\n\t\t\t\t<div class=\"elementor-widget-container\">\n\t\t\t\t\t<div class=\"elementor-spacer\">\n\t\t\t<div class=\"elementor-spacer-inner\"><\/div>\n\t\t<\/div>\n\t\t\t\t<\/div>\n\t\t\t\t<\/div>\n\t\t\t\t\t<\/div>\n\t\t<\/div>\n\t\t\t\t\t\t\t<\/div>\n\t\t<\/section>\n\t\t\t\t\t\t\t<\/div>","protected":false},"excerpt":{"rendered":"<p>Nuestras Empresas \/ Vivie Industria Inmobiliaria Vivie Vivie es una subsidiaria dedicada al sector inmobiliario implementando estrategias de innovacio\u0301n y optimizacio\u0301n en sus desarrollos inmobiliarios de alto nivel y plusvali\u0301a. Trabaja con nosotros Cont\u00e1ctanos Nuestra fortaleza es nuestra gente La Inmobiliaria y Desarrolladora VIVIE nace como una empresa 100% mexicana en el a\u00f1o 2013 como&hellip; <a class=\"more-link\" href=\"https:\/\/corporativogto.com\/fr\/vivie\/\">Poursuivre la lecture <span class=\"screen-reader-text\">Vivie<\/span><\/a><\/p>","protected":false},"author":2,"featured_media":0,"parent":0,"menu_order":0,"comment_status":"closed","ping_status":"closed","template":"elementor_header_footer","meta":{"_monsterinsights_skip_tracking":false,"_monsterinsights_sitenote_active":false,"_monsterinsights_sitenote_note":"","_monsterinsights_sitenote_category":0},"uagb_featured_image_src":{"full":false,"thumbnail":false,"medium":false,"medium_large":false,"large":false,"1536x1536":false,"2048x2048":false,"trp-custom-language-flag":false,"post-thumbnail":false},"uagb_author_info":{"display_name":"Info corporativo","author_link":"https:\/\/corporativogto.com\/fr\/author\/info-corporativo\/"},"uagb_comment_info":0,"uagb_excerpt":"Nuestras Empresas \/ Vivie Industria Inmobiliaria Vivie Vivie es una subsidiaria dedicada al sector inmobiliario implementando estrategias de innovacio\u0301n y optimizacio\u0301n en sus desarrollos inmobiliarios de alto nivel y plusvali\u0301a. Trabaja con nosotros Cont\u00e1ctanos Nuestra fortaleza es nuestra gente La Inmobiliaria y Desarrolladora VIVIE nace como una empresa 100% mexicana en el a\u00f1o 2013 como&hellip;\u2026","_links":{"self":[{"href":"https:\/\/corporativogto.com\/fr\/wp-json\/wp\/v2\/pages\/3040"}],"collection":[{"href":"https:\/\/corporativogto.com\/fr\/wp-json\/wp\/v2\/pages"}],"about":[{"href":"https:\/\/corporativogto.com\/fr\/wp-json\/wp\/v2\/types\/page"}],"author":[{"embeddable":true,"href":"https:\/\/corporativogto.com\/fr\/wp-json\/wp\/v2\/users\/2"}],"replies":[{"embeddable":true,"href":"https:\/\/corporativogto.com\/fr\/wp-json\/wp\/v2\/comments?post=3040"}],"version-history":[{"count":14,"href":"https:\/\/corporativogto.com\/fr\/wp-json\/wp\/v2\/pages\/3040\/revisions"}],"predecessor-version":[{"id":7738,"href":"https:\/\/corporativogto.com\/fr\/wp-json\/wp\/v2\/pages\/3040\/revisions\/7738"}],"wp:attachment":[{"href":"https:\/\/corporativogto.com\/fr\/wp-json\/wp\/v2\/media?parent=3040"}],"curies":[{"name":"wp","href":"https:\/\/api.w.org\/{rel}","templated":true}]}}