{"id":2992,"date":"2021-09-19T16:58:09","date_gmt":"2021-09-19T21:58:09","guid":{"rendered":"http:\/\/54.186.226.142\/?page_id=2992"},"modified":"2024-10-07T12:51:19","modified_gmt":"2024-10-07T17:51:19","slug":"beneta","status":"publish","type":"page","link":"https:\/\/corporativogto.com\/fr\/beneta\/","title":{"rendered":"Beneta"},"content":{"rendered":"<div data-elementor-type=\"wp-page\" data-elementor-id=\"2992\" class=\"elementor elementor-2992\">\n\t\t\t\t\t\t\t\t\t<section class=\"elementor-section elementor-top-section elementor-element elementor-element-914cbb2 elementor-section-boxed elementor-section-height-default elementor-section-height-default\" data-id=\"914cbb2\" data-element_type=\"section\">\n\t\t\t\t\t\t<div class=\"elementor-container elementor-column-gap-default\">\n\t\t\t\t\t<div class=\"elementor-column elementor-col-100 elementor-top-column elementor-element elementor-element-ff6e697\" data-id=\"ff6e697\" data-element_type=\"column\">\n\t\t\t<div class=\"elementor-widget-wrap elementor-element-populated\">\n\t\t\t\t\t\t\t\t<div class=\"elementor-element elementor-element-4c3354c elementor-view-default elementor-widget elementor-widget-icon\" data-id=\"4c3354c\" data-element_type=\"widget\" data-widget_type=\"icon.default\">\n\t\t\t\t<div class=\"elementor-widget-container\">\n\t\t\t\t\t<div class=\"elementor-icon-wrapper\">\n\t\t\t<a class=\"elementor-icon\" href=\"#elementor-action%3Aaction%3Dpopup%3Aopen%26settings%3DeyJpZCI6IjM3NTciLCJ0b2dnbGUiOmZhbHNlfQ%3D%3D\">\n\t\t\t<i aria-hidden=\"true\" class=\"icon icon-menu-11\"><\/i>\t\t\t<\/a>\n\t\t<\/div>\n\t\t\t\t<\/div>\n\t\t\t\t<\/div>\n\t\t\t\t\t<\/div>\n\t\t<\/div>\n\t\t\t\t\t\t\t<\/div>\n\t\t<\/section>\n\t\t\t\t<section class=\"elementor-section elementor-top-section elementor-element elementor-element-209f6ab animated-slow elementor-section-boxed elementor-section-height-default elementor-section-height-default elementor-invisible\" data-id=\"209f6ab\" data-element_type=\"section\" data-settings=\"{&quot;animation&quot;:&quot;fadeInUp&quot;,&quot;animation_delay&quot;:700}\">\n\t\t\t\t\t\t<div class=\"elementor-container elementor-column-gap-default\">\n\t\t\t\t\t<div class=\"elementor-column elementor-col-50 elementor-top-column elementor-element elementor-element-4df6d26 animated-slow elementor-invisible\" data-id=\"4df6d26\" data-element_type=\"column\" data-settings=\"{&quot;animation&quot;:&quot;fadeInLeft&quot;,&quot;animation_delay&quot;:500}\">\n\t\t\t<div class=\"elementor-widget-wrap elementor-element-populated\">\n\t\t\t\t\t\t\t\t<div class=\"elementor-element elementor-element-03cf80d elementor-widget elementor-widget-heading\" data-id=\"03cf80d\" data-element_type=\"widget\" data-widget_type=\"heading.default\">\n\t\t\t\t<div class=\"elementor-widget-container\">\n\t\t\t<h2 class=\"elementor-heading-title elementor-size-default\">Nos Enterprises \/ Beneta<\/h2>\t\t<\/div>\n\t\t\t\t<\/div>\n\t\t\t\t<div class=\"elementor-element elementor-element-9a3b1fa elementor-widget elementor-widget-image\" data-id=\"9a3b1fa\" data-element_type=\"widget\" data-widget_type=\"image.default\">\n\t\t\t\t<div class=\"elementor-widget-container\">\n\t\t\t\t\t\t\t\t\t\t\t\t\t\t\t<img src=\"https:\/\/corporativogto.com\/wp-content\/uploads\/elementor\/thumbs\/cover-empresas-detalle-beneta-pscqayes1nm18go7jad493r34kvq26ukqagys2xfj6.jpg\" title=\"cover-empresas-detalle-beneta\" alt=\"cover-empresas-detalle-beneta\" \/>\t\t\t\t\t\t\t\t\t\t\t\t\t\t\t<\/div>\n\t\t\t\t<\/div>\n\t\t\t\t\t<\/div>\n\t\t<\/div>\n\t\t\t\t<div class=\"elementor-column elementor-col-50 elementor-top-column elementor-element elementor-element-d076be9 animated-slow elementor-invisible\" data-id=\"d076be9\" data-element_type=\"column\" data-settings=\"{&quot;animation&quot;:&quot;fadeInRight&quot;,&quot;animation_delay&quot;:500}\">\n\t\t\t<div class=\"elementor-widget-wrap elementor-element-populated\">\n\t\t\t\t\t\t\t\t<div class=\"elementor-element elementor-element-141a9eb elementor-widget elementor-widget-heading\" data-id=\"141a9eb\" data-element_type=\"widget\" data-widget_type=\"heading.default\">\n\t\t\t\t<div class=\"elementor-widget-container\">\n\t\t\t<h2 class=\"elementor-heading-title elementor-size-default\">Industrie de la commercialisation<\/h2>\t\t<\/div>\n\t\t\t\t<\/div>\n\t\t\t\t<div class=\"elementor-element elementor-element-67a5a14 elementor-widget elementor-widget-heading\" data-id=\"67a5a14\" data-element_type=\"widget\" data-widget_type=\"heading.default\">\n\t\t\t\t<div class=\"elementor-widget-container\">\n\t\t\t<h2 class=\"elementor-heading-title elementor-size-default\">Beneta<\/h2>\t\t<\/div>\n\t\t\t\t<\/div>\n\t\t\t\t<div class=\"elementor-element elementor-element-34aac48 elementor-widget elementor-widget-text-editor\" data-id=\"34aac48\" data-element_type=\"widget\" data-widget_type=\"text-editor.default\">\n\t\t\t\t<div class=\"elementor-widget-container\">\n\t\t\t\t\t\t\t<p><span data-sheets-value=\"{&quot;1&quot;:2,&quot;2&quot;:&quot;Beneta es la empresa comercializadora de producto agri\u0301cola en el territorio nacional asi\u0301 como en el extranjero. Dedicada a la compra venta de toda clase de productos del campo, su empaque o envasado y comercializacio\u0301n en el extranjero.&quot;}\" data-sheets-userformat=\"{&quot;2&quot;:15297,&quot;3&quot;:{&quot;1&quot;:0},&quot;9&quot;:1,&quot;10&quot;:1,&quot;11&quot;:4,&quot;12&quot;:0,&quot;14&quot;:[null,2,4408131],&quot;15&quot;:&quot;Hind&quot;,&quot;16&quot;:10}\">Beneta est l'entreprise qui commercialise les produits agricoles sur le territoire national ainsi qu'\u00e0\nl'\u00e9tranger. D\u00e9di\u00e9 \u00e0 l'achat et \u00e0 la vente de toutes sortes de produits agricoles, leur emballage et\nleur commercialisation \u00e0 l'\u00e9tranger.<\/span><\/p>\t\t\t\t\t\t<\/div>\n\t\t\t\t<\/div>\n\t\t\t\t<div class=\"elementor-element elementor-element-274b721 elementor-widget elementor-widget-heading\" data-id=\"274b721\" data-element_type=\"widget\" data-widget_type=\"heading.default\">\n\t\t\t\t<div class=\"elementor-widget-container\">\n\t\t\t<h2 class=\"elementor-heading-title elementor-size-default\">Services<\/h2>\t\t<\/div>\n\t\t\t\t<\/div>\n\t\t\t\t<section class=\"elementor-section elementor-inner-section elementor-element elementor-element-bddf8d7 elementor-section-boxed elementor-section-height-default elementor-section-height-default\" data-id=\"bddf8d7\" data-element_type=\"section\">\n\t\t\t\t\t\t<div class=\"elementor-container elementor-column-gap-default\">\n\t\t\t\t\t<div class=\"elementor-column elementor-col-100 elementor-inner-column elementor-element elementor-element-558263f\" data-id=\"558263f\" data-element_type=\"column\">\n\t\t\t<div class=\"elementor-widget-wrap elementor-element-populated\">\n\t\t\t\t\t\t\t\t<div class=\"elementor-element elementor-element-b6dd20b elementor-align-left elementor-icon-list--layout-traditional elementor-list-item-link-full_width elementor-widget elementor-widget-icon-list\" data-id=\"b6dd20b\" data-element_type=\"widget\" data-widget_type=\"icon-list.default\">\n\t\t\t\t<div class=\"elementor-widget-container\">\n\t\t\t\t\t<ul class=\"elementor-icon-list-items\">\n\t\t\t\t\t\t\t<li class=\"elementor-icon-list-item\">\n\t\t\t\t\t\t\t\t\t\t\t<span class=\"elementor-icon-list-icon\">\n\t\t\t\t\t\t\t<i aria-hidden=\"true\" class=\"fas fa-circle\"><\/i>\t\t\t\t\t\t<\/span>\n\t\t\t\t\t\t\t\t\t\t<span class=\"elementor-icon-list-text\">Nous commercialisons des l\u00e9gumes de premi\u00e8re qualit\u00e9.<\/span>\n\t\t\t\t\t\t\t\t\t<\/li>\n\t\t\t\t\t\t<\/ul>\n\t\t\t\t<\/div>\n\t\t\t\t<\/div>\n\t\t\t\t\t<\/div>\n\t\t<\/div>\n\t\t\t\t\t\t\t<\/div>\n\t\t<\/section>\n\t\t\t\t\t<\/div>\n\t\t<\/div>\n\t\t\t\t\t\t\t<\/div>\n\t\t<\/section>\n\t\t\t\t<section class=\"elementor-section elementor-top-section elementor-element elementor-element-288f0c3 elementor-section-full_width animated-slow elementor-section-height-default elementor-section-height-default elementor-invisible\" data-id=\"288f0c3\" data-element_type=\"section\" data-settings=\"{&quot;animation&quot;:&quot;fadeInUp&quot;,&quot;animation_delay&quot;:700}\">\n\t\t\t\t\t\t<div class=\"elementor-container elementor-column-gap-default\">\n\t\t\t\t\t<div class=\"elementor-column elementor-col-50 elementor-top-column elementor-element elementor-element-669f5fe animated-slow elementor-invisible\" data-id=\"669f5fe\" data-element_type=\"column\" data-settings=\"{&quot;animation&quot;:&quot;fadeInLeft&quot;,&quot;animation_delay&quot;:500}\">\n\t\t\t<div class=\"elementor-widget-wrap elementor-element-populated\">\n\t\t\t\t\t\t\t\t<div class=\"elementor-element elementor-element-0c805e8 elementor-align-center elementor-widget elementor-widget-button\" data-id=\"0c805e8\" data-element_type=\"widget\" data-widget_type=\"button.default\">\n\t\t\t\t<div class=\"elementor-widget-container\">\n\t\t\t\t\t<div class=\"elementor-button-wrapper\">\n\t\t\t<a href=\"https:\/\/erp.cominvi.com.mx\/capitalhumano\/#\/login-externo\" class=\"elementor-button-link elementor-button elementor-size-sm\" role=\"button\">\n\t\t\t\t\t\t<span class=\"elementor-button-content-wrapper\">\n\t\t\t\t\t\t\t<span class=\"elementor-button-icon elementor-align-icon-right\">\n\t\t\t\t<i aria-hidden=\"true\" class=\"icon icon-right-arrow\"><\/i>\t\t\t<\/span>\n\t\t\t\t\t\t<span class=\"elementor-button-text\">Travaillez avec nous<\/span>\n\t\t<\/span>\n\t\t\t\t\t<\/a>\n\t\t<\/div>\n\t\t\t\t<\/div>\n\t\t\t\t<\/div>\n\t\t\t\t\t<\/div>\n\t\t<\/div>\n\t\t\t\t<div class=\"elementor-column elementor-col-50 elementor-top-column elementor-element elementor-element-40f9a25 animated-slow elementor-invisible\" data-id=\"40f9a25\" data-element_type=\"column\" data-settings=\"{&quot;animation&quot;:&quot;fadeInRight&quot;,&quot;animation_delay&quot;:500}\">\n\t\t\t<div class=\"elementor-widget-wrap elementor-element-populated\">\n\t\t\t\t\t\t\t\t<div class=\"elementor-element elementor-element-ad55edc elementor-align-center elementor-widget elementor-widget-button\" data-id=\"ad55edc\" data-element_type=\"widget\" data-widget_type=\"button.default\">\n\t\t\t\t<div class=\"elementor-widget-container\">\n\t\t\t\t\t<div class=\"elementor-button-wrapper\">\n\t\t\t<a href=\"https:\/\/corporativogto.com\/fr\/contacto\/\" class=\"elementor-button-link elementor-button elementor-size-sm\" role=\"button\">\n\t\t\t\t\t\t<span class=\"elementor-button-content-wrapper\">\n\t\t\t\t\t\t\t<span class=\"elementor-button-icon elementor-align-icon-right\">\n\t\t\t\t<i aria-hidden=\"true\" class=\"icon icon-right-arrow\"><\/i>\t\t\t<\/span>\n\t\t\t\t\t\t<span class=\"elementor-button-text\">Contactez-nous <\/span>\n\t\t<\/span>\n\t\t\t\t\t<\/a>\n\t\t<\/div>\n\t\t\t\t<\/div>\n\t\t\t\t<\/div>\n\t\t\t\t\t<\/div>\n\t\t<\/div>\n\t\t\t\t\t\t\t<\/div>\n\t\t<\/section>\n\t\t\t\t<section class=\"elementor-section elementor-top-section elementor-element elementor-element-44974a9 elementor-section-boxed elementor-section-height-default elementor-section-height-default\" data-id=\"44974a9\" data-element_type=\"section\">\n\t\t\t\t\t\t<div class=\"elementor-container elementor-column-gap-default\">\n\t\t\t\t\t<div class=\"elementor-column elementor-col-100 elementor-top-column elementor-element elementor-element-5deb4d4\" data-id=\"5deb4d4\" data-element_type=\"column\">\n\t\t\t<div class=\"elementor-widget-wrap elementor-element-populated\">\n\t\t\t\t\t\t\t\t<div class=\"elementor-element elementor-element-a7670f7 animated-slow elementor-invisible elementor-widget elementor-widget-heading\" data-id=\"a7670f7\" data-element_type=\"widget\" data-settings=\"{&quot;_animation&quot;:&quot;fadeInUp&quot;,&quot;_animation_delay&quot;:800}\" data-widget_type=\"heading.default\">\n\t\t\t\t<div class=\"elementor-widget-container\">\n\t\t\t<h2 class=\"elementor-heading-title elementor-size-default\">Notre force, c\u2019est notre \u00e9quipe<\/h2>\t\t<\/div>\n\t\t\t\t<\/div>\n\t\t\t\t<div class=\"elementor-element elementor-element-f48f3a1 animated-slow elementor-invisible elementor-widget elementor-widget-text-editor\" data-id=\"f48f3a1\" data-element_type=\"widget\" data-settings=\"{&quot;_animation&quot;:&quot;fadeInUp&quot;,&quot;_animation_delay&quot;:500}\" data-widget_type=\"text-editor.default\">\n\t\t\t\t<div class=\"elementor-widget-container\">\n\t\t\t\t\t\t\t<p><span data-sheets-value=\"{&quot;1&quot;:2,&quot;2&quot;:&quot;Somos una empresa 100% mexicana y certificada internacionalmente que cuenta con una amplia gama de comercializaci\u00f3n que nos permite colocar el producto en los mercados adecuados dependiendo de las calidades del mismo; m\u00e1s del 90% de nuestra producci\u00f3n es exportado a Estados Unidos y Canad\u00e1 a trav\u00e9s de las compa\u00f1\u00edas m\u00e1s reconocidas a nivel internacional. Tenemos la habilidad de adaptarnos para cumplir con las especificaciones de cada cliente, nuestra infraestructura y tecnolog\u00eda nos permite dar seguimiento a pr\u00e1cticas seguras y constantes durante toda la cadena de abasto, logrando de esta manera la frescura y vida de anaquel de nuestros productos.&quot;}\" data-sheets-userformat=\"{&quot;2&quot;:15297,&quot;3&quot;:{&quot;1&quot;:0},&quot;9&quot;:1,&quot;10&quot;:1,&quot;11&quot;:4,&quot;12&quot;:0,&quot;14&quot;:[null,2,4408131],&quot;15&quot;:&quot;Hind&quot;,&quot;16&quot;:10}\">Nous sommes une entreprise 100% mexicaine et internationalement certifi\u00e9e qui dispose d'un\nlarge \u00e9ventail de commercialisation qui nous permet de placer le produit sur les march\u00e9s\nappropri\u00e9s en fonction de ses qualit\u00e9s ; Plus de 90% de notre production est export\u00e9e aux \u00c9tats Unis et au Canada \u00e0 travers les entreprises les plus reconnues au niveau international. Nous avons\nla capacit\u00e9 de nous adapter pour r\u00e9pondre aux sp\u00e9cifications de chaque client, notre\ninfrastructure et notre technologie nous permettent de suivre des pratiques s\u00fbres et constantes\ntout au long de la cha\u00eene d'approvisionnement, assurant ainsi la fra\u00eecheur et la dur\u00e9e de\nconservation de nos produits.<\/span><\/p>\t\t\t\t\t\t<\/div>\n\t\t\t\t<\/div>\n\t\t\t\t\t<\/div>\n\t\t<\/div>\n\t\t\t\t\t\t\t<\/div>\n\t\t<\/section>\n\t\t\t\t<section class=\"elementor-section elementor-top-section elementor-element elementor-element-2c92c4b animated-slow elementor-section-boxed elementor-section-height-default elementor-section-height-default elementor-invisible\" data-id=\"2c92c4b\" data-element_type=\"section\" data-settings=\"{&quot;background_background&quot;:&quot;classic&quot;,&quot;animation&quot;:&quot;fadeInUp&quot;,&quot;animation_delay&quot;:700}\">\n\t\t\t\t\t\t<div class=\"elementor-container elementor-column-gap-default\">\n\t\t\t\t\t<div class=\"elementor-column elementor-col-100 elementor-top-column elementor-element elementor-element-af5833d\" data-id=\"af5833d\" data-element_type=\"column\">\n\t\t\t<div class=\"elementor-widget-wrap elementor-element-populated\">\n\t\t\t\t\t\t\t\t<div class=\"elementor-element elementor-element-e56582c elementor--h-position-center elementor--v-position-middle elementor-arrows-position-inside elementor-widget elementor-widget-slides\" data-id=\"e56582c\" data-element_type=\"widget\" data-settings=\"{&quot;navigation&quot;:&quot;arrows&quot;,&quot;autoplay&quot;:&quot;yes&quot;,&quot;pause_on_hover&quot;:&quot;yes&quot;,&quot;pause_on_interaction&quot;:&quot;yes&quot;,&quot;autoplay_speed&quot;:5000,&quot;infinite&quot;:&quot;yes&quot;,&quot;transition&quot;:&quot;slide&quot;,&quot;transition_speed&quot;:500}\" data-widget_type=\"slides.default\">\n\t\t\t\t<div class=\"elementor-widget-container\">\n\t\t\t\t\t<div class=\"elementor-swiper\">\n\t\t\t<div class=\"elementor-slides-wrapper elementor-main-swiper swiper-container\" dir=\"ltr\" data-animation=\"fadeInUp\">\n\t\t\t\t<div class=\"swiper-wrapper elementor-slides\">\n\t\t\t\t\t\t\t\t\t\t<div class=\"elementor-repeater-item-2234724 swiper-slide\"><div class=\"swiper-slide-bg\"><\/div><div class=\"swiper-slide-inner\" ><div class=\"swiper-slide-contents\"><\/div><\/div><\/div><div class=\"elementor-repeater-item-6d782f7 swiper-slide\"><div class=\"swiper-slide-bg\"><\/div><div class=\"swiper-slide-inner\" ><div class=\"swiper-slide-contents\"><\/div><\/div><\/div><div class=\"elementor-repeater-item-cc76f61 swiper-slide\"><div class=\"swiper-slide-bg\"><\/div><div class=\"swiper-slide-inner\" ><div class=\"swiper-slide-contents\"><\/div><\/div><\/div><div class=\"elementor-repeater-item-f33a9c0 swiper-slide\"><div class=\"swiper-slide-bg\"><\/div><div class=\"swiper-slide-inner\" ><div class=\"swiper-slide-contents\"><\/div><\/div><\/div><div class=\"elementor-repeater-item-7ab3451 swiper-slide\"><div class=\"swiper-slide-bg\"><\/div><div class=\"swiper-slide-inner\" ><div class=\"swiper-slide-contents\"><\/div><\/div><\/div><div class=\"elementor-repeater-item-93a2cec swiper-slide\"><div class=\"swiper-slide-bg\"><\/div><div class=\"swiper-slide-inner\" ><div class=\"swiper-slide-contents\"><\/div><\/div><\/div>\t\t\t\t<\/div>\n\t\t\t\t\t\t\t\t\t\t\t\t\t\t\t\t\t\t\t\t<div class=\"elementor-swiper-button elementor-swiper-button-prev\">\n\t\t\t\t\t\t\t<i aria-hidden=\"true\" class=\"eicon-chevron-left\"><\/i>\t\t\t\t\t\t\t<span class=\"elementor-screen-only\">Pr\u00e9c\u00e9dent<\/span>\n\t\t\t\t\t\t<\/div>\n\t\t\t\t\t\t<div class=\"elementor-swiper-button elementor-swiper-button-next\">\n\t\t\t\t\t\t\t<i aria-hidden=\"true\" class=\"eicon-chevron-right\"><\/i>\t\t\t\t\t\t\t<span class=\"elementor-screen-only\">Suivant<\/span>\n\t\t\t\t\t\t<\/div>\n\t\t\t\t\t\t\t\t\t\t\t\t<\/div>\n\t\t<\/div>\n\t\t\t\t<\/div>\n\t\t\t\t<\/div>\n\t\t\t\t\t<\/div>\n\t\t<\/div>\n\t\t\t\t\t\t\t<\/div>\n\t\t<\/section>\n\t\t\t\t<section class=\"elementor-section elementor-top-section elementor-element elementor-element-ee71c14 elementor-section-boxed elementor-section-height-default elementor-section-height-default\" data-id=\"ee71c14\" data-element_type=\"section\">\n\t\t\t\t\t\t<div class=\"elementor-container elementor-column-gap-default\">\n\t\t\t\t\t<div class=\"elementor-column elementor-col-100 elementor-top-column elementor-element elementor-element-06fd921\" data-id=\"06fd921\" data-element_type=\"column\">\n\t\t\t<div class=\"elementor-widget-wrap elementor-element-populated\">\n\t\t\t\t\t\t\t\t<div class=\"elementor-element elementor-element-7334d13 elementor-widget elementor-widget-spacer\" data-id=\"7334d13\" data-element_type=\"widget\" data-widget_type=\"spacer.default\">\n\t\t\t\t<div class=\"elementor-widget-container\">\n\t\t\t\t\t<div class=\"elementor-spacer\">\n\t\t\t<div class=\"elementor-spacer-inner\"><\/div>\n\t\t<\/div>\n\t\t\t\t<\/div>\n\t\t\t\t<\/div>\n\t\t\t\t\t<\/div>\n\t\t<\/div>\n\t\t\t\t\t\t\t<\/div>\n\t\t<\/section>\n\t\t\t\t<section class=\"elementor-section elementor-top-section elementor-element elementor-element-2186106 elementor-section-boxed elementor-section-height-default elementor-section-height-default\" data-id=\"2186106\" data-element_type=\"section\">\n\t\t\t\t\t\t<div class=\"elementor-container elementor-column-gap-default\">\n\t\t\t\t\t<div class=\"elementor-column elementor-col-100 elementor-top-column elementor-element elementor-element-ab373f5\" data-id=\"ab373f5\" data-element_type=\"column\">\n\t\t\t<div class=\"elementor-widget-wrap\">\n\t\t\t\t\t\t\t\t\t<\/div>\n\t\t<\/div>\n\t\t\t\t\t\t\t<\/div>\n\t\t<\/section>\n\t\t\t\t<section class=\"elementor-section elementor-top-section elementor-element elementor-element-23309e7 elementor-section-boxed elementor-section-height-default elementor-section-height-default\" data-id=\"23309e7\" data-element_type=\"section\">\n\t\t\t\t\t\t<div class=\"elementor-container elementor-column-gap-default\">\n\t\t\t\t\t<div class=\"elementor-column elementor-col-100 elementor-top-column elementor-element elementor-element-9213c8a\" data-id=\"9213c8a\" data-element_type=\"column\">\n\t\t\t<div class=\"elementor-widget-wrap elementor-element-populated\">\n\t\t\t\t\t\t\t\t<div class=\"elementor-element elementor-element-151e5e1 elementor-grid-1 elementor-widget__width-initial elementor-fixed elementor-hidden-tablet elementor-hidden-phone elementor-shape-rounded e-grid-align-center elementor-widget elementor-widget-social-icons\" data-id=\"151e5e1\" data-element_type=\"widget\" data-settings=\"{&quot;_position&quot;:&quot;fixed&quot;}\" data-widget_type=\"social-icons.default\">\n\t\t\t\t<div class=\"elementor-widget-container\">\n\t\t\t\t\t<div class=\"elementor-social-icons-wrapper elementor-grid\">\n\t\t\t\t\t\t\t<span class=\"elementor-grid-item\">\n\t\t\t\t\t<a class=\"elementor-icon elementor-social-icon elementor-social-icon- elementor-repeater-item-13fe8d2\" href=\"https:\/\/www.facebook.com\/Corporativo-GTO-102560632199928\" target=\"_blank\">\n\t\t\t\t\t\t<span class=\"elementor-screen-only\"><\/span>\n\t\t\t\t\t\t<svg xmlns=\"http:\/\/www.w3.org\/2000\/svg\" width=\"24\" height=\"24\" viewbox=\"0 0 24 24\"><g fill=\"none\" fill-rule=\"evenodd\"><g fill=\"#FFF\"><g><g><path d=\"M15.476 13.438h-2.18V20h-2.922v-6.563H8v-2.714h2.374v-2.07C10.374 6.3 11.771 5 13.907 5 14.93 5 16 5.183 16 5.183v2.312h-1.18c-1.16 0-1.523.724-1.523 1.466v1.762h2.594l-.415 2.714z\" transform=\"translate(-8.000000, -3569.000000) translate(0.000000, 3515.000000) translate(8.000000, 54.000000)\"><\/path><\/g><\/g><\/g><\/g><\/svg>\t\t\t\t\t<\/a>\n\t\t\t\t<\/span>\n\t\t\t\t\t\t\t<span class=\"elementor-grid-item\">\n\t\t\t\t\t<a class=\"elementor-icon elementor-social-icon elementor-social-icon- elementor-repeater-item-1585b41\" href=\"https:\/\/www.instagram.com\/corporativogto\/\" target=\"_blank\">\n\t\t\t\t\t\t<span class=\"elementor-screen-only\"><\/span>\n\t\t\t\t\t\t<svg xmlns=\"http:\/\/www.w3.org\/2000\/svg\" width=\"24\" height=\"24\" viewbox=\"0 0 24 24\"><g fill=\"none\" fill-rule=\"evenodd\"><g fill=\"#FFF\"><g><g><path d=\"M12.502 8.654c-2.129 0-3.845 1.717-3.845 3.846s1.716 3.846 3.845 3.846c2.128 0 3.845-1.717 3.845-3.846s-1.717-3.846-3.845-3.846zm0 6.346c-1.376 0-2.5-1.121-2.5-2.5s1.121-2.5 2.5-2.5c1.378 0 2.5 1.121 2.5 2.5s-1.125 2.5-2.5 2.5zM17.4 8.497c0-.495-.402-.897-.897-.897s-.897.402-.897.897.398.897.897.897c.495 0 .897-.398.897-.897zm2.546.91c-.057-1.201-.331-2.266-1.211-3.143-.877-.877-1.941-1.151-3.142-1.211l-.396-.018c-1.497-.052-4.666-.046-5.792.018-1.198.057-2.262.331-3.142 1.208-.825.822-1.115 1.809-1.197 2.92l-.014.223c-.067 1.182-.07 4.618-.01 6.005l.01.184c.057 1.201.331 2.266 1.211 3.143.825.822 1.81 1.114 2.919 1.197l.223.014c1.182.067 4.617.07 6.004.01l.184-.01c1.201-.057 2.265-.331 3.142-1.211.877-.877 1.151-1.942 1.211-3.143l.018-.396c.052-1.497.046-4.664-.018-5.79zm-1.6 7.515c-.26.656-.766 1.161-1.425 1.425-.987.392-3.33.302-4.42.302l-1.222.008c-1.131.002-2.504-.036-3.199-.31-.656-.26-1.161-.766-1.425-1.425-.392-.988-.302-3.33-.302-4.422l-.008-1.222c-.002-1.131.036-2.505.31-3.2.26-.656.766-1.161 1.425-1.425.987-.392 3.33-.302 4.42-.302l1.222-.008c1.132-.002 2.505.036 3.2.31.655.26 1.16.766 1.425 1.425.391.988.3 3.33.3 4.422l.01 1.222c.002 1.131-.034 2.505-.31 3.2z\" transform=\"translate(-8.000000, -3603.000000) translate(0.000000, 3515.000000) translate(8.000000, 88.000000)\"><\/path><\/g><\/g><\/g><\/g><\/svg>\t\t\t\t\t<\/a>\n\t\t\t\t<\/span>\n\t\t\t\t\t\t\t<span class=\"elementor-grid-item\">\n\t\t\t\t\t<a class=\"elementor-icon elementor-social-icon elementor-social-icon- elementor-repeater-item-8016b69\" href=\"http:\/\/linkedin.com\/company\/corporativo-gto\" target=\"_blank\">\n\t\t\t\t\t\t<span class=\"elementor-screen-only\"><\/span>\n\t\t\t\t\t\t<svg xmlns=\"http:\/\/www.w3.org\/2000\/svg\" width=\"24\" height=\"24\" viewbox=\"0 0 24 24\"><g fill=\"none\" fill-rule=\"evenodd\"><g fill=\"#FFF\"><g><g><path d=\"M18.75 5.25H6.747c-.55 0-.997.453-.997 1.01v11.98c0 .557.447 1.01.997 1.01H18.75c.55 0 1-.453 1-1.01V6.26c0-.557-.45-1.01-1-1.01zm-8.766 12H7.906v-6.681h2.078v6.681zm-1.04-7.594c-.666 0-1.203-.54-1.203-1.203 0-.662.537-1.203 1.203-1.203.662 0 1.203.54 1.203 1.203 0 .666-.538 1.203-1.203 1.203zm8.815 7.594h-2.075v-3.44c-.009-.738-.1-1.582-1.078-1.582-1.036 0-1.231.775-1.246 1.607v3.415h-2.076v-6.681h1.991v.912h.028c.278-.525.956-1.078 1.966-1.078 2.038 0 2.466 1.304 2.49 3.027v3.82z\" transform=\"translate(-8.000000, -3637.000000) translate(0.000000, 3515.000000) translate(8.000000, 122.000000)\"><\/path><\/g><\/g><\/g><\/g><\/svg>\t\t\t\t\t<\/a>\n\t\t\t\t<\/span>\n\t\t\t\t\t<\/div>\n\t\t\t\t<\/div>\n\t\t\t\t<\/div>\n\t\t\t\t\t<\/div>\n\t\t<\/div>\n\t\t\t\t\t\t\t<\/div>\n\t\t<\/section>\n\t\t\t\t\t\t\t<\/div>","protected":false},"excerpt":{"rendered":"<p>Nuestras Empresas \/ Beneta Industria de la Comercializaci\u00f3n Beneta Beneta es la empresa comercializadora de producto agri\u0301cola en el territorio nacional asi\u0301 como en el extranjero. Dedicada a la compra venta de toda clase de productos del campo, su empaque o envasado y comercializacio\u0301n en el extranjero. Servicios Comercializamos vegetales premium. Trabaja con nosotros Cont\u00e1ctanos&hellip; <a class=\"more-link\" href=\"https:\/\/corporativogto.com\/fr\/beneta\/\">Poursuivre la lecture <span class=\"screen-reader-text\">Beneta<\/span><\/a><\/p>","protected":false},"author":2,"featured_media":0,"parent":0,"menu_order":0,"comment_status":"closed","ping_status":"closed","template":"elementor_header_footer","meta":{"_monsterinsights_skip_tracking":false,"_monsterinsights_sitenote_active":false,"_monsterinsights_sitenote_note":"","_monsterinsights_sitenote_category":0},"uagb_featured_image_src":{"full":false,"thumbnail":false,"medium":false,"medium_large":false,"large":false,"1536x1536":false,"2048x2048":false,"trp-custom-language-flag":false,"post-thumbnail":false},"uagb_author_info":{"display_name":"Info corporativo","author_link":"https:\/\/corporativogto.com\/fr\/author\/info-corporativo\/"},"uagb_comment_info":0,"uagb_excerpt":"Nuestras Empresas \/ Beneta Industria de la Comercializaci\u00f3n Beneta Beneta es la empresa comercializadora de producto agri\u0301cola en el territorio nacional asi\u0301 como en el extranjero. Dedicada a la compra venta de toda clase de productos del campo, su empaque o envasado y comercializacio\u0301n en el extranjero. Servicios Comercializamos vegetales premium. Trabaja con nosotros Cont\u00e1ctanos&hellip;\u2026","_links":{"self":[{"href":"https:\/\/corporativogto.com\/fr\/wp-json\/wp\/v2\/pages\/2992"}],"collection":[{"href":"https:\/\/corporativogto.com\/fr\/wp-json\/wp\/v2\/pages"}],"about":[{"href":"https:\/\/corporativogto.com\/fr\/wp-json\/wp\/v2\/types\/page"}],"author":[{"embeddable":true,"href":"https:\/\/corporativogto.com\/fr\/wp-json\/wp\/v2\/users\/2"}],"replies":[{"embeddable":true,"href":"https:\/\/corporativogto.com\/fr\/wp-json\/wp\/v2\/comments?post=2992"}],"version-history":[{"count":11,"href":"https:\/\/corporativogto.com\/fr\/wp-json\/wp\/v2\/pages\/2992\/revisions"}],"predecessor-version":[{"id":7707,"href":"https:\/\/corporativogto.com\/fr\/wp-json\/wp\/v2\/pages\/2992\/revisions\/7707"}],"wp:attachment":[{"href":"https:\/\/corporativogto.com\/fr\/wp-json\/wp\/v2\/media?parent=2992"}],"curies":[{"name":"wp","href":"https:\/\/api.w.org\/{rel}","templated":true}]}}