{"id":3069,"date":"2021-09-19T17:50:27","date_gmt":"2021-09-19T22:50:27","guid":{"rendered":"http:\/\/54.186.226.142\/?page_id=3069"},"modified":"2024-10-07T13:18:44","modified_gmt":"2024-10-07T18:18:44","slug":"sieger","status":"publish","type":"page","link":"https:\/\/corporativogto.com\/en\/sieger\/","title":{"rendered":"Sieger"},"content":{"rendered":"<div data-elementor-type=\"wp-page\" data-elementor-id=\"3069\" class=\"elementor elementor-3069\">\n\t\t\t\t\t\t\t\t\t<section class=\"elementor-section elementor-top-section elementor-element elementor-element-ab47385 elementor-section-boxed elementor-section-height-default elementor-section-height-default\" data-id=\"ab47385\" data-element_type=\"section\">\n\t\t\t\t\t\t<div class=\"elementor-container elementor-column-gap-default\">\n\t\t\t\t\t<div class=\"elementor-column elementor-col-100 elementor-top-column elementor-element elementor-element-0986e62\" data-id=\"0986e62\" data-element_type=\"column\">\n\t\t\t<div class=\"elementor-widget-wrap elementor-element-populated\">\n\t\t\t\t\t\t\t\t<div class=\"elementor-element elementor-element-6f6907a elementor-view-default elementor-widget elementor-widget-icon\" data-id=\"6f6907a\" data-element_type=\"widget\" data-widget_type=\"icon.default\">\n\t\t\t\t<div class=\"elementor-widget-container\">\n\t\t\t\t\t<div class=\"elementor-icon-wrapper\">\n\t\t\t<a class=\"elementor-icon\" href=\"#elementor-action%3Aaction%3Dpopup%3Aopen%26settings%3DeyJpZCI6IjM3NTciLCJ0b2dnbGUiOmZhbHNlfQ%3D%3D\">\n\t\t\t<i aria-hidden=\"true\" class=\"icon icon-menu-11\"><\/i>\t\t\t<\/a>\n\t\t<\/div>\n\t\t\t\t<\/div>\n\t\t\t\t<\/div>\n\t\t\t\t\t<\/div>\n\t\t<\/div>\n\t\t\t\t\t\t\t<\/div>\n\t\t<\/section>\n\t\t\t\t<section class=\"elementor-section elementor-top-section elementor-element elementor-element-d8d2bbf animated-slow elementor-section-boxed elementor-section-height-default elementor-section-height-default elementor-invisible\" data-id=\"d8d2bbf\" data-element_type=\"section\" data-settings=\"{&quot;animation&quot;:&quot;fadeInUp&quot;,&quot;animation_delay&quot;:700}\">\n\t\t\t\t\t\t<div class=\"elementor-container elementor-column-gap-default\">\n\t\t\t\t\t<div class=\"elementor-column elementor-col-50 elementor-top-column elementor-element elementor-element-a89e9da animated-slow elementor-invisible\" data-id=\"a89e9da\" data-element_type=\"column\" data-settings=\"{&quot;animation&quot;:&quot;fadeInLeft&quot;,&quot;animation_delay&quot;:500}\">\n\t\t\t<div class=\"elementor-widget-wrap elementor-element-populated\">\n\t\t\t\t\t\t\t\t<div class=\"elementor-element elementor-element-03cd80e elementor-widget elementor-widget-heading\" data-id=\"03cd80e\" data-element_type=\"widget\" data-widget_type=\"heading.default\">\n\t\t\t\t<div class=\"elementor-widget-container\">\n\t\t\t<h2 class=\"elementor-heading-title elementor-size-default\">Our Companies \/ Sieger<\/h2>\t\t<\/div>\n\t\t\t\t<\/div>\n\t\t\t\t<div class=\"elementor-element elementor-element-6462b6e elementor-widget elementor-widget-image\" data-id=\"6462b6e\" data-element_type=\"widget\" data-widget_type=\"image.default\">\n\t\t\t\t<div class=\"elementor-widget-container\">\n\t\t\t\t\t\t\t\t\t\t\t\t\t\t\t<img width=\"750\" height=\"838\" src=\"https:\/\/corporativogto.com\/wp-content\/uploads\/2024\/08\/Sieger-916x1024.png\" class=\"attachment-large size-large\" alt=\"\" loading=\"lazy\" srcset=\"https:\/\/corporativogto.com\/wp-content\/uploads\/2024\/08\/Sieger-916x1024.png 916w, https:\/\/corporativogto.com\/wp-content\/uploads\/2024\/08\/Sieger-268x300.png 268w, https:\/\/corporativogto.com\/wp-content\/uploads\/2024\/08\/Sieger-768x859.png 768w, https:\/\/corporativogto.com\/wp-content\/uploads\/2024\/08\/Sieger-11x12.png 11w, https:\/\/corporativogto.com\/wp-content\/uploads\/2024\/08\/Sieger.png 1116w\" sizes=\"(max-width: 750px) 100vw, 750px\" style=\"width:100%;height:111.83%;max-width:1116px\" \/>\t\t\t\t\t\t\t\t\t\t\t\t\t\t\t<\/div>\n\t\t\t\t<\/div>\n\t\t\t\t\t<\/div>\n\t\t<\/div>\n\t\t\t\t<div class=\"elementor-column elementor-col-50 elementor-top-column elementor-element elementor-element-682e184 animated-slow elementor-invisible\" data-id=\"682e184\" data-element_type=\"column\" data-settings=\"{&quot;animation&quot;:&quot;fadeInRight&quot;,&quot;animation_delay&quot;:500}\">\n\t\t\t<div class=\"elementor-widget-wrap elementor-element-populated\">\n\t\t\t\t\t\t\t\t<div class=\"elementor-element elementor-element-d7aaebe elementor-widget elementor-widget-heading\" data-id=\"d7aaebe\" data-element_type=\"widget\" data-widget_type=\"heading.default\">\n\t\t\t\t<div class=\"elementor-widget-container\">\n\t\t\t<h2 class=\"elementor-heading-title elementor-size-default\">Mining industry<\/h2>\t\t<\/div>\n\t\t\t\t<\/div>\n\t\t\t\t<div class=\"elementor-element elementor-element-babdf80 elementor-widget elementor-widget-heading\" data-id=\"babdf80\" data-element_type=\"widget\" data-widget_type=\"heading.default\">\n\t\t\t\t<div class=\"elementor-widget-container\">\n\t\t\t<h2 class=\"elementor-heading-title elementor-size-default\">Sieger<\/h2>\t\t<\/div>\n\t\t\t\t<\/div>\n\t\t\t\t<div class=\"elementor-element elementor-element-5e76906 elementor-widget elementor-widget-text-editor\" data-id=\"5e76906\" data-element_type=\"widget\" data-widget_type=\"text-editor.default\">\n\t\t\t\t<div class=\"elementor-widget-container\">\n\t\t\t\t\t\t\t<p><span data-sheets-value=\"{&quot;1&quot;:2,&quot;2&quot;:&quot;Empresa dedicada a la industria minera y de la construcci\u00f3n, especializados en la elaboraci\u00f3n de planos, proyectos, estudios, sobre mecanica de suelos, control de calidad y su debida ejecuci\u00f3n.&quot;}\" data-sheets-userformat=\"{&quot;2&quot;:15297,&quot;3&quot;:{&quot;1&quot;:0},&quot;9&quot;:1,&quot;10&quot;:1,&quot;11&quot;:4,&quot;12&quot;:0,&quot;14&quot;:[null,2,4408131],&quot;15&quot;:&quot;Hind&quot;,&quot;16&quot;:10}\">A company aimed to the mining and construction\nindustry, specialized in the preparation of plans,\nprojects, studies on soil mechanics, quality control\nand its proper execution.<\/span><\/p>\t\t\t\t\t\t<\/div>\n\t\t\t\t<\/div>\n\t\t\t\t<div class=\"elementor-element elementor-element-82c62ec elementor-widget elementor-widget-heading\" data-id=\"82c62ec\" data-element_type=\"widget\" data-widget_type=\"heading.default\">\n\t\t\t\t<div class=\"elementor-widget-container\">\n\t\t\t<h2 class=\"elementor-heading-title elementor-size-default\">Services<\/h2>\t\t<\/div>\n\t\t\t\t<\/div>\n\t\t\t\t<section class=\"elementor-section elementor-inner-section elementor-element elementor-element-e1ac607 elementor-section-boxed elementor-section-height-default elementor-section-height-default\" data-id=\"e1ac607\" data-element_type=\"section\">\n\t\t\t\t\t\t<div class=\"elementor-container elementor-column-gap-default\">\n\t\t\t\t\t<div class=\"elementor-column elementor-col-50 elementor-inner-column elementor-element elementor-element-aac2f99\" data-id=\"aac2f99\" data-element_type=\"column\">\n\t\t\t<div class=\"elementor-widget-wrap elementor-element-populated\">\n\t\t\t\t\t\t\t\t<div class=\"elementor-element elementor-element-78ca486 elementor-align-left elementor-icon-list--layout-traditional elementor-list-item-link-full_width elementor-widget elementor-widget-icon-list\" data-id=\"78ca486\" data-element_type=\"widget\" data-widget_type=\"icon-list.default\">\n\t\t\t\t<div class=\"elementor-widget-container\">\n\t\t\t\t\t<ul class=\"elementor-icon-list-items\">\n\t\t\t\t\t\t\t<li class=\"elementor-icon-list-item\">\n\t\t\t\t\t\t\t\t\t\t\t<span class=\"elementor-icon-list-icon\">\n\t\t\t\t\t\t\t<i aria-hidden=\"true\" class=\"fas fa-circle\"><\/i>\t\t\t\t\t\t<\/span>\n\t\t\t\t\t\t\t\t\t\t<span class=\"elementor-icon-list-text\">Engineering<\/span>\n\t\t\t\t\t\t\t\t\t<\/li>\n\t\t\t\t\t\t\t\t<li class=\"elementor-icon-list-item\">\n\t\t\t\t\t\t\t\t\t\t\t<span class=\"elementor-icon-list-icon\">\n\t\t\t\t\t\t\t<i aria-hidden=\"true\" class=\"fas fa-circle\"><\/i>\t\t\t\t\t\t<\/span>\n\t\t\t\t\t\t\t\t\t\t<span class=\"elementor-icon-list-text\">Developments<\/span>\n\t\t\t\t\t\t\t\t\t<\/li>\n\t\t\t\t\t\t\t\t<li class=\"elementor-icon-list-item\">\n\t\t\t\t\t\t\t\t\t\t\t<span class=\"elementor-icon-list-icon\">\n\t\t\t\t\t\t\t<i aria-hidden=\"true\" class=\"fas fa-circle\"><\/i>\t\t\t\t\t\t<\/span>\n\t\t\t\t\t\t\t\t\t\t<span class=\"elementor-icon-list-text\">Fortification<\/span>\n\t\t\t\t\t\t\t\t\t<\/li>\n\t\t\t\t\t\t<\/ul>\n\t\t\t\t<\/div>\n\t\t\t\t<\/div>\n\t\t\t\t\t<\/div>\n\t\t<\/div>\n\t\t\t\t<div class=\"elementor-column elementor-col-50 elementor-inner-column elementor-element elementor-element-b66b98c\" data-id=\"b66b98c\" data-element_type=\"column\">\n\t\t\t<div class=\"elementor-widget-wrap elementor-element-populated\">\n\t\t\t\t\t\t\t\t<div class=\"elementor-element elementor-element-e821c44 elementor-align-left elementor-icon-list--layout-traditional elementor-list-item-link-full_width elementor-widget elementor-widget-icon-list\" data-id=\"e821c44\" data-element_type=\"widget\" data-widget_type=\"icon-list.default\">\n\t\t\t\t<div class=\"elementor-widget-container\">\n\t\t\t\t\t<ul class=\"elementor-icon-list-items\">\n\t\t\t\t\t\t\t<li class=\"elementor-icon-list-item\">\n\t\t\t\t\t\t\t\t\t\t\t<span class=\"elementor-icon-list-icon\">\n\t\t\t\t\t\t\t<i aria-hidden=\"true\" class=\"fas fa-circle\"><\/i>\t\t\t\t\t\t<\/span>\n\t\t\t\t\t\t\t\t\t\t<span class=\"elementor-icon-list-text\">Production<\/span>\n\t\t\t\t\t\t\t\t\t<\/li>\n\t\t\t\t\t\t\t\t<li class=\"elementor-icon-list-item\">\n\t\t\t\t\t\t\t\t\t\t\t<span class=\"elementor-icon-list-icon\">\n\t\t\t\t\t\t\t<i aria-hidden=\"true\" class=\"fas fa-circle\"><\/i>\t\t\t\t\t\t<\/span>\n\t\t\t\t\t\t\t\t\t\t<span class=\"elementor-icon-list-text\">Haulage<\/span>\n\t\t\t\t\t\t\t\t\t<\/li>\n\t\t\t\t\t\t<\/ul>\n\t\t\t\t<\/div>\n\t\t\t\t<\/div>\n\t\t\t\t\t<\/div>\n\t\t<\/div>\n\t\t\t\t\t\t\t<\/div>\n\t\t<\/section>\n\t\t\t\t\t<\/div>\n\t\t<\/div>\n\t\t\t\t\t\t\t<\/div>\n\t\t<\/section>\n\t\t\t\t<section class=\"elementor-section elementor-top-section elementor-element elementor-element-3ba3759 elementor-section-full_width animated-slow elementor-section-height-default elementor-section-height-default elementor-invisible\" data-id=\"3ba3759\" data-element_type=\"section\" data-settings=\"{&quot;animation&quot;:&quot;fadeInUp&quot;,&quot;animation_delay&quot;:700}\">\n\t\t\t\t\t\t<div class=\"elementor-container elementor-column-gap-default\">\n\t\t\t\t\t<div class=\"elementor-column elementor-col-50 elementor-top-column elementor-element elementor-element-4692935 animated-slow elementor-invisible\" data-id=\"4692935\" data-element_type=\"column\" data-settings=\"{&quot;animation&quot;:&quot;fadeInLeft&quot;,&quot;animation_delay&quot;:500}\">\n\t\t\t<div class=\"elementor-widget-wrap elementor-element-populated\">\n\t\t\t\t\t\t\t\t<div class=\"elementor-element elementor-element-7d50200 elementor-align-center elementor-widget elementor-widget-button\" data-id=\"7d50200\" data-element_type=\"widget\" data-widget_type=\"button.default\">\n\t\t\t\t<div class=\"elementor-widget-container\">\n\t\t\t\t\t<div class=\"elementor-button-wrapper\">\n\t\t\t<a href=\"https:\/\/erp.cominvi.com.mx\/capitalhumano\/#\/login-externo\" class=\"elementor-button-link elementor-button elementor-size-sm\" role=\"button\">\n\t\t\t\t\t\t<span class=\"elementor-button-content-wrapper\">\n\t\t\t\t\t\t\t<span class=\"elementor-button-icon elementor-align-icon-right\">\n\t\t\t\t<i aria-hidden=\"true\" class=\"icon icon-right-arrow\"><\/i>\t\t\t<\/span>\n\t\t\t\t\t\t<span class=\"elementor-button-text\">Work with us<\/span>\n\t\t<\/span>\n\t\t\t\t\t<\/a>\n\t\t<\/div>\n\t\t\t\t<\/div>\n\t\t\t\t<\/div>\n\t\t\t\t\t<\/div>\n\t\t<\/div>\n\t\t\t\t<div class=\"elementor-column elementor-col-50 elementor-top-column elementor-element elementor-element-70e20a9 animated-slow elementor-invisible\" data-id=\"70e20a9\" data-element_type=\"column\" data-settings=\"{&quot;animation&quot;:&quot;fadeInRight&quot;,&quot;animation_delay&quot;:500}\">\n\t\t\t<div class=\"elementor-widget-wrap elementor-element-populated\">\n\t\t\t\t\t\t\t\t<div class=\"elementor-element elementor-element-c44be59 elementor-align-center elementor-widget elementor-widget-button\" data-id=\"c44be59\" data-element_type=\"widget\" data-widget_type=\"button.default\">\n\t\t\t\t<div class=\"elementor-widget-container\">\n\t\t\t\t\t<div class=\"elementor-button-wrapper\">\n\t\t\t<a href=\"https:\/\/corporativogto.com\/en\/contacto\/\" class=\"elementor-button-link elementor-button elementor-size-sm\" role=\"button\">\n\t\t\t\t\t\t<span class=\"elementor-button-content-wrapper\">\n\t\t\t\t\t\t\t<span class=\"elementor-button-icon elementor-align-icon-right\">\n\t\t\t\t<i aria-hidden=\"true\" class=\"icon icon-right-arrow\"><\/i>\t\t\t<\/span>\n\t\t\t\t\t\t<span class=\"elementor-button-text\">Contact us <\/span>\n\t\t<\/span>\n\t\t\t\t\t<\/a>\n\t\t<\/div>\n\t\t\t\t<\/div>\n\t\t\t\t<\/div>\n\t\t\t\t\t<\/div>\n\t\t<\/div>\n\t\t\t\t\t\t\t<\/div>\n\t\t<\/section>\n\t\t\t\t<section class=\"elementor-section elementor-top-section elementor-element elementor-element-984b621 elementor-section-boxed elementor-section-height-default elementor-section-height-default\" data-id=\"984b621\" data-element_type=\"section\">\n\t\t\t\t\t\t<div class=\"elementor-container elementor-column-gap-default\">\n\t\t\t\t\t<div class=\"elementor-column elementor-col-100 elementor-top-column elementor-element elementor-element-fb5dddc\" data-id=\"fb5dddc\" data-element_type=\"column\">\n\t\t\t<div class=\"elementor-widget-wrap\">\n\t\t\t\t\t\t\t\t\t<\/div>\n\t\t<\/div>\n\t\t\t\t\t\t\t<\/div>\n\t\t<\/section>\n\t\t\t\t<section class=\"elementor-section elementor-top-section elementor-element elementor-element-415c602 elementor-section-boxed elementor-section-height-default elementor-section-height-default\" data-id=\"415c602\" data-element_type=\"section\">\n\t\t\t\t\t\t<div class=\"elementor-container elementor-column-gap-default\">\n\t\t\t\t\t<div class=\"elementor-column elementor-col-100 elementor-top-column elementor-element elementor-element-459b812\" data-id=\"459b812\" data-element_type=\"column\">\n\t\t\t<div class=\"elementor-widget-wrap elementor-element-populated\">\n\t\t\t\t\t\t\t\t<div class=\"elementor-element elementor-element-baf23f8 elementor-grid-1 elementor-widget__width-initial elementor-fixed elementor-hidden-tablet elementor-hidden-phone elementor-shape-rounded e-grid-align-center elementor-widget elementor-widget-social-icons\" data-id=\"baf23f8\" data-element_type=\"widget\" data-settings=\"{&quot;_position&quot;:&quot;fixed&quot;}\" data-widget_type=\"social-icons.default\">\n\t\t\t\t<div class=\"elementor-widget-container\">\n\t\t\t\t\t<div class=\"elementor-social-icons-wrapper elementor-grid\">\n\t\t\t\t\t\t\t<span class=\"elementor-grid-item\">\n\t\t\t\t\t<a class=\"elementor-icon elementor-social-icon elementor-social-icon- elementor-repeater-item-13fe8d2\" href=\"https:\/\/www.facebook.com\/Corporativo-GTO-102560632199928\" target=\"_blank\">\n\t\t\t\t\t\t<span class=\"elementor-screen-only\"><\/span>\n\t\t\t\t\t\t<svg xmlns=\"http:\/\/www.w3.org\/2000\/svg\" width=\"24\" height=\"24\" viewbox=\"0 0 24 24\"><g fill=\"none\" fill-rule=\"evenodd\"><g fill=\"#FFF\"><g><g><path d=\"M15.476 13.438h-2.18V20h-2.922v-6.563H8v-2.714h2.374v-2.07C10.374 6.3 11.771 5 13.907 5 14.93 5 16 5.183 16 5.183v2.312h-1.18c-1.16 0-1.523.724-1.523 1.466v1.762h2.594l-.415 2.714z\" transform=\"translate(-8.000000, -3569.000000) translate(0.000000, 3515.000000) translate(8.000000, 54.000000)\"><\/path><\/g><\/g><\/g><\/g><\/svg>\t\t\t\t\t<\/a>\n\t\t\t\t<\/span>\n\t\t\t\t\t\t\t<span class=\"elementor-grid-item\">\n\t\t\t\t\t<a class=\"elementor-icon elementor-social-icon elementor-social-icon- elementor-repeater-item-1585b41\" href=\"https:\/\/www.instagram.com\/corporativogto\/\" target=\"_blank\">\n\t\t\t\t\t\t<span class=\"elementor-screen-only\"><\/span>\n\t\t\t\t\t\t<svg xmlns=\"http:\/\/www.w3.org\/2000\/svg\" width=\"24\" height=\"24\" viewbox=\"0 0 24 24\"><g fill=\"none\" fill-rule=\"evenodd\"><g fill=\"#FFF\"><g><g><path d=\"M12.502 8.654c-2.129 0-3.845 1.717-3.845 3.846s1.716 3.846 3.845 3.846c2.128 0 3.845-1.717 3.845-3.846s-1.717-3.846-3.845-3.846zm0 6.346c-1.376 0-2.5-1.121-2.5-2.5s1.121-2.5 2.5-2.5c1.378 0 2.5 1.121 2.5 2.5s-1.125 2.5-2.5 2.5zM17.4 8.497c0-.495-.402-.897-.897-.897s-.897.402-.897.897.398.897.897.897c.495 0 .897-.398.897-.897zm2.546.91c-.057-1.201-.331-2.266-1.211-3.143-.877-.877-1.941-1.151-3.142-1.211l-.396-.018c-1.497-.052-4.666-.046-5.792.018-1.198.057-2.262.331-3.142 1.208-.825.822-1.115 1.809-1.197 2.92l-.014.223c-.067 1.182-.07 4.618-.01 6.005l.01.184c.057 1.201.331 2.266 1.211 3.143.825.822 1.81 1.114 2.919 1.197l.223.014c1.182.067 4.617.07 6.004.01l.184-.01c1.201-.057 2.265-.331 3.142-1.211.877-.877 1.151-1.942 1.211-3.143l.018-.396c.052-1.497.046-4.664-.018-5.79zm-1.6 7.515c-.26.656-.766 1.161-1.425 1.425-.987.392-3.33.302-4.42.302l-1.222.008c-1.131.002-2.504-.036-3.199-.31-.656-.26-1.161-.766-1.425-1.425-.392-.988-.302-3.33-.302-4.422l-.008-1.222c-.002-1.131.036-2.505.31-3.2.26-.656.766-1.161 1.425-1.425.987-.392 3.33-.302 4.42-.302l1.222-.008c1.132-.002 2.505.036 3.2.31.655.26 1.16.766 1.425 1.425.391.988.3 3.33.3 4.422l.01 1.222c.002 1.131-.034 2.505-.31 3.2z\" transform=\"translate(-8.000000, -3603.000000) translate(0.000000, 3515.000000) translate(8.000000, 88.000000)\"><\/path><\/g><\/g><\/g><\/g><\/svg>\t\t\t\t\t<\/a>\n\t\t\t\t<\/span>\n\t\t\t\t\t\t\t<span class=\"elementor-grid-item\">\n\t\t\t\t\t<a class=\"elementor-icon elementor-social-icon elementor-social-icon- elementor-repeater-item-8016b69\" href=\"https:\/\/www.linkedin.com\/authwall?trk=bf&#038;trkInfo=AQEVRlt_q4GgQwAAAXw4rMwIWg2ROmr6SWLyUJGWKpLkLbTHN6bUIae2azsTmA17qacrwTql6mwYCIgF3m7tGOjpxgkO6m6JqE8A-P7n6z9ypEPc0P7MhfJg4ygVAas0654DuI4=&#038;originalReferer=&#038;sessionRedirect=https%3A%2F%2Fwww.linkedin.com%2Fcompany%2Fcorporativo-gto\" target=\"_blank\">\n\t\t\t\t\t\t<span class=\"elementor-screen-only\"><\/span>\n\t\t\t\t\t\t<svg xmlns=\"http:\/\/www.w3.org\/2000\/svg\" width=\"24\" height=\"24\" viewbox=\"0 0 24 24\"><g fill=\"none\" fill-rule=\"evenodd\"><g fill=\"#FFF\"><g><g><path d=\"M18.75 5.25H6.747c-.55 0-.997.453-.997 1.01v11.98c0 .557.447 1.01.997 1.01H18.75c.55 0 1-.453 1-1.01V6.26c0-.557-.45-1.01-1-1.01zm-8.766 12H7.906v-6.681h2.078v6.681zm-1.04-7.594c-.666 0-1.203-.54-1.203-1.203 0-.662.537-1.203 1.203-1.203.662 0 1.203.54 1.203 1.203 0 .666-.538 1.203-1.203 1.203zm8.815 7.594h-2.075v-3.44c-.009-.738-.1-1.582-1.078-1.582-1.036 0-1.231.775-1.246 1.607v3.415h-2.076v-6.681h1.991v.912h.028c.278-.525.956-1.078 1.966-1.078 2.038 0 2.466 1.304 2.49 3.027v3.82z\" transform=\"translate(-8.000000, -3637.000000) translate(0.000000, 3515.000000) translate(8.000000, 122.000000)\"><\/path><\/g><\/g><\/g><\/g><\/svg>\t\t\t\t\t<\/a>\n\t\t\t\t<\/span>\n\t\t\t\t\t<\/div>\n\t\t\t\t<\/div>\n\t\t\t\t<\/div>\n\t\t\t\t\t<\/div>\n\t\t<\/div>\n\t\t\t\t\t\t\t<\/div>\n\t\t<\/section>\n\t\t\t\t\t\t\t<\/div>","protected":false},"excerpt":{"rendered":"<p>Nuestras Empresas \/ Sieger Industria Minera Sieger Empresa dedicada a la industria minera y de la construcci\u00f3n, especializados en la elaboraci\u00f3n de planos, proyectos, estudios sobre mec\u00e1nica de suelos, control de calidad y su debida ejecuci\u00f3n. Servicios Ingenier\u00eda Desarrollos Fortificaci\u00f3n Producci\u00f3n Acarreo Trabaja con nosotros Cont\u00e1ctanos<\/p>","protected":false},"author":2,"featured_media":0,"parent":0,"menu_order":0,"comment_status":"closed","ping_status":"closed","template":"elementor_header_footer","meta":{"_monsterinsights_skip_tracking":false,"_monsterinsights_sitenote_active":false,"_monsterinsights_sitenote_note":"","_monsterinsights_sitenote_category":0},"uagb_featured_image_src":{"full":false,"thumbnail":false,"medium":false,"medium_large":false,"large":false,"1536x1536":false,"2048x2048":false,"trp-custom-language-flag":false,"post-thumbnail":false},"uagb_author_info":{"display_name":"Info corporativo","author_link":"https:\/\/corporativogto.com\/en\/author\/info-corporativo\/"},"uagb_comment_info":0,"uagb_excerpt":"Nuestras Empresas \/ Sieger Industria Minera Sieger Empresa dedicada a la industria minera y de la construcci\u00f3n, especializados en la elaboraci\u00f3n de planos, proyectos, estudios sobre mec\u00e1nica de suelos, control de calidad y su debida ejecuci\u00f3n. Servicios Ingenier\u00eda Desarrollos Fortificaci\u00f3n Producci\u00f3n Acarreo Trabaja con nosotros Cont\u00e1ctanos","_links":{"self":[{"href":"https:\/\/corporativogto.com\/en\/wp-json\/wp\/v2\/pages\/3069"}],"collection":[{"href":"https:\/\/corporativogto.com\/en\/wp-json\/wp\/v2\/pages"}],"about":[{"href":"https:\/\/corporativogto.com\/en\/wp-json\/wp\/v2\/types\/page"}],"author":[{"embeddable":true,"href":"https:\/\/corporativogto.com\/en\/wp-json\/wp\/v2\/users\/2"}],"replies":[{"embeddable":true,"href":"https:\/\/corporativogto.com\/en\/wp-json\/wp\/v2\/comments?post=3069"}],"version-history":[{"count":11,"href":"https:\/\/corporativogto.com\/en\/wp-json\/wp\/v2\/pages\/3069\/revisions"}],"predecessor-version":[{"id":7730,"href":"https:\/\/corporativogto.com\/en\/wp-json\/wp\/v2\/pages\/3069\/revisions\/7730"}],"wp:attachment":[{"href":"https:\/\/corporativogto.com\/en\/wp-json\/wp\/v2\/media?parent=3069"}],"curies":[{"name":"wp","href":"https:\/\/api.w.org\/{rel}","templated":true}]}}